{"id":4645,"date":"2024-11-13T13:12:04","date_gmt":"2024-11-13T12:12:04","guid":{"rendered":"https:\/\/fbernadet.informagedevelop.com\/?post_type=product&#038;p=4645"},"modified":"2025-05-22T10:35:50","modified_gmt":"2025-05-22T08:35:50","slug":"formacion-especializada-abordaje-del-sentimiento-de-culpa-perdon-en-la-intervencion-socioeducativa-con-victimas-de-abuso-sexual-infantil-4645","status":"publish","type":"product","link":"https:\/\/fbernadet.informagedevelop.com\/es\/producto\/formacion-especializada-abordaje-del-sentimiento-de-culpa-perdon-en-la-intervencion-socioeducativa-con-victimas-de-abuso-sexual-infantil-4645\/","title":{"rendered":"Abordaje del sentimiento de culpa-perd\u00f3n en la intervenci\u00f3n socioeducativa con v\u00edctimas de abuso sexual infantil"},"content":{"rendered":"","protected":false},"excerpt":{"rendered":"<p>Abordaje del sentimiento de culpa-perd\u00f3n en la intervenci\u00f3n socioeducativa con v\u00edctimas de abuso sexual infantil.<br \/>\n<strong>El sentimiento de culpa es com\u00fan en v\u00edctimas de abusos sexuales infantiles, pero \u00bfes posible superar un abuso sin perdonar al abusador?<\/strong><\/p>\n","protected":false},"featured_media":2723,"comment_status":"closed","ping_status":"closed","template":"","meta":{"_acf_changed":false},"product_brand":[],"product_cat":[272,238],"product_tag":[],"class_list":{"0":"post-4645","1":"product","2":"type-product","3":"status-publish","4":"has-post-thumbnail","6":"product_cat-curs-professional-es","7":"product_cat-escuela-online","9":"first","10":"instock","11":"taxable","12":"shipping-taxable","13":"product-type-simple"},"acf":[],"_links":{"self":[{"href":"https:\/\/fbernadet.informagedevelop.com\/es\/wp-json\/wp\/v2\/product\/4645","targetHints":{"allow":["GET"]}}],"collection":[{"href":"https:\/\/fbernadet.informagedevelop.com\/es\/wp-json\/wp\/v2\/product"}],"about":[{"href":"https:\/\/fbernadet.informagedevelop.com\/es\/wp-json\/wp\/v2\/types\/product"}],"replies":[{"embeddable":true,"href":"https:\/\/fbernadet.informagedevelop.com\/es\/wp-json\/wp\/v2\/comments?post=4645"}],"wp:featuredmedia":[{"embeddable":true,"href":"https:\/\/fbernadet.informagedevelop.com\/es\/wp-json\/wp\/v2\/media\/2723"}],"wp:attachment":[{"href":"https:\/\/fbernadet.informagedevelop.com\/es\/wp-json\/wp\/v2\/media?parent=4645"}],"wp:term":[{"taxonomy":"product_brand","embeddable":true,"href":"https:\/\/fbernadet.informagedevelop.com\/es\/wp-json\/wp\/v2\/product_brand?post=4645"},{"taxonomy":"product_cat","embeddable":true,"href":"https:\/\/fbernadet.informagedevelop.com\/es\/wp-json\/wp\/v2\/product_cat?post=4645"},{"taxonomy":"product_tag","embeddable":true,"href":"https:\/\/fbernadet.informagedevelop.com\/es\/wp-json\/wp\/v2\/product_tag?post=4645"}],"curies":[{"name":"wp","href":"https:\/\/api.w.org\/{rel}","templated":true}]}}